{"id":214,"date":"2023-09-13T18:03:47","date_gmt":"2023-09-13T18:03:47","guid":{"rendered":"https:\/\/ssri.cr\/?page_id=214"},"modified":"2023-09-13T23:03:55","modified_gmt":"2023-09-13T23:03:55","slug":"politicas-de-privacidad","status":"publish","type":"page","link":"https:\/\/ssri.cr\/en\/privacy-policy\/","title":{"rendered":"Privacy Policy"},"content":{"rendered":"<div data-elementor-type=\"wp-page\" data-elementor-id=\"214\" class=\"elementor elementor-214\" data-elementor-post-type=\"page\">\n\t\t\t\t\t\t<section class=\"elementor-section elementor-top-section elementor-element elementor-element-be58f72 elementor-section-boxed elementor-section-height-default elementor-section-height-default\" data-id=\"be58f72\" data-element_type=\"section\" data-settings=\"{&quot;background_background&quot;:&quot;classic&quot;}\">\n\t\t\t\t\t\t\t<div class=\"elementor-background-overlay\"><\/div>\n\t\t\t\t\t\t\t<div class=\"elementor-container elementor-column-gap-default\">\n\t\t\t\t\t<div class=\"elementor-column elementor-col-100 elementor-top-column elementor-element elementor-element-8510d90\" data-id=\"8510d90\" data-element_type=\"column\">\n\t\t\t<div class=\"elementor-widget-wrap elementor-element-populated\">\n\t\t\t\t\t\t<div class=\"elementor-element elementor-element-d19105d elementor-widget elementor-widget-heading\" data-id=\"d19105d\" data-element_type=\"widget\" data-widget_type=\"heading.default\">\n\t\t\t\t<div class=\"elementor-widget-container\">\n\t\t\t\t\t<h1 class=\"elementor-heading-title elementor-size-default\">Privacy Policy<\/h1>\t\t\t\t<\/div>\n\t\t\t\t<\/div>\n\t\t\t\t\t<\/div>\n\t\t<\/div>\n\t\t\t\t\t<\/div>\n\t\t<\/section>\n\t\t\t\t<section class=\"elementor-section elementor-top-section elementor-element elementor-element-f1555fd elementor-section-boxed elementor-section-height-default elementor-section-height-default\" data-id=\"f1555fd\" data-element_type=\"section\" data-settings=\"{&quot;background_background&quot;:&quot;classic&quot;}\">\n\t\t\t\t\t\t\t<div class=\"elementor-background-overlay\"><\/div>\n\t\t\t\t\t\t\t<div class=\"elementor-container elementor-column-gap-default\">\n\t\t\t\t\t<div class=\"elementor-column elementor-col-100 elementor-top-column elementor-element elementor-element-98a20b4\" data-id=\"98a20b4\" data-element_type=\"column\">\n\t\t\t<div class=\"elementor-widget-wrap elementor-element-populated\">\n\t\t\t\t\t\t<section class=\"elementor-section elementor-inner-section elementor-element elementor-element-7c2bec2 elementor-reverse-mobile elementor-section-boxed elementor-section-height-default elementor-section-height-default\" data-id=\"7c2bec2\" data-element_type=\"section\">\n\t\t\t\t\t\t<div class=\"elementor-container elementor-column-gap-default\">\n\t\t\t\t\t<div class=\"elementor-column elementor-col-100 elementor-inner-column elementor-element elementor-element-7ae49db\" data-id=\"7ae49db\" data-element_type=\"column\">\n\t\t\t<div class=\"elementor-widget-wrap elementor-element-populated\">\n\t\t\t\t\t\t<div class=\"elementor-element elementor-element-3bc0210 elementor-tablet-align-center animated-slow elementor-icon-list--layout-traditional elementor-list-item-link-full_width elementor-invisible elementor-widget elementor-widget-icon-list\" data-id=\"3bc0210\" data-element_type=\"widget\" data-settings=\"{&quot;_animation&quot;:&quot;fadeIn&quot;,&quot;_animation_delay&quot;:800}\" data-widget_type=\"icon-list.default\">\n\t\t\t\t<div class=\"elementor-widget-container\">\n\t\t\t\t\t\t\t<ul class=\"elementor-icon-list-items\">\n\t\t\t\t\t\t\t<li class=\"elementor-icon-list-item\">\n\t\t\t\t\t\t\t\t\t\t<span class=\"elementor-icon-list-text\">Integrated Solutions and Services<\/span>\n\t\t\t\t\t\t\t\t\t<\/li>\n\t\t\t\t\t\t<\/ul>\n\t\t\t\t\t\t<\/div>\n\t\t\t\t<\/div>\n\t\t\t\t<div class=\"elementor-element elementor-element-8ba3599 elementor-widget elementor-widget-jkit_heading\" data-id=\"8ba3599\" data-element_type=\"widget\" data-widget_type=\"jkit_heading.default\">\n\t\t\t\t<div class=\"elementor-widget-container\">\n\t\t\t\t\t<div  class=\"jeg-elementor-kit jkit-heading  align- align-tablet- align-mobile-center jeg_module___6a08b06187ed5\" ><div class=\"heading-section-title  display-inline-block\"><h2 class=\"heading-title\">Our <span class=\"style-color\"><span>Policy<\/span><\/span><\/h2><\/div><\/div>\t\t\t\t<\/div>\n\t\t\t\t<\/div>\n\t\t\t\t<div class=\"elementor-element elementor-element-0387af6 elementor-widget elementor-widget-text-editor\" data-id=\"0387af6\" data-element_type=\"widget\" data-widget_type=\"text-editor.default\">\n\t\t\t\t<div class=\"elementor-widget-container\">\n\t\t\t\t\t\t\t\t\t<p>Last updated: September 9th, 2023.<\/p><p>Our Privacy Policy not only explains how and why we use the personal information we collect but also how you can access, update, or otherwise take control of your personal information. <\/p><p>WHAT INFORMATION WE COLLECT<\/p><p>Much of what you are likely to consider personal information is obtained directly from you when you create an account or purchase any of our Services, request assistance from our customer support team, fill out contact forms or request newsletters or other information.<\/p><p>In addition, we obtain additional information when we deliver our Services to you to ensure necessary and optimal operation. <\/p><p>COOKIES <\/p><p>Cookies allow us to track user browsing behavior, such as the links you click, the pages you visit, and the items you purchase. <\/p><p>HOW WE USE YOUR INFORMATION<\/p><p>We strongly believe in minimizing the data we collect and limiting its use and purpose only for which we have been granted permission, to the extent necessary to deliver the Services you purchase or interact with, or to the extent required to comply with legal obligations or other lawful purposes.<\/p><p>HOW YOU CAN UPDATE YOUR DATA<\/p><p>To easily access, view, update, or delete your personal information, or to update your subscription preferences, log in to your Account and set up your Account. If you request to delete your personal information and that data is necessary for the services you purchased, the request will be accepted only to the extent that it is no longer necessary for any of the Services purchased or required for our legitimate business purposes or legal or contractual record-keeping requirements.<\/p><p>AGE RESTRICTIONS<\/p><p>Our Services are not directed to, intended, or designed to seduce children under the age of 18. If you become aware or have any reason to believe that a child under the age of 18 has provided us with personal information, please contact us<\/p><p>MODIFICATIONS TO THE PRIVACY POLICY<\/p><p>We reserve the right to modify this Privacy Policy at any time. If we decide to change our Privacy Policy, we will post those changes in this Privacy Policy and elsewhere we deem appropriate.<\/p><p>CONTACT\/QUESTIONS<\/p><p>If you have any questions or concerns regarding this document please send them to the contact email address on our website.<\/p>\t\t\t\t\t\t\t\t<\/div>\n\t\t\t\t<\/div>\n\t\t\t\t<div class=\"elementor-element elementor-element-f3673bb elementor-mobile-align-center elementor-invisible elementor-widget elementor-widget-button\" data-id=\"f3673bb\" data-element_type=\"widget\" data-settings=\"{&quot;_animation&quot;:&quot;fadeInDown&quot;}\" data-widget_type=\"button.default\">\n\t\t\t\t<div class=\"elementor-widget-container\">\n\t\t\t\t\t\t\t\t\t<div class=\"elementor-button-wrapper\">\n\t\t\t\t\t<a class=\"elementor-button elementor-button-link elementor-size-sm elementor-animation-grow\" href=\"https:\/\/ssri.cr\/en\">\n\t\t\t\t\t\t<span class=\"elementor-button-content-wrapper\">\n\t\t\t\t\t\t<span class=\"elementor-button-icon\">\n\t\t\t\t<i aria-hidden=\"true\" class=\"fas fa-arrow-circle-right\"><\/i>\t\t\t<\/span>\n\t\t\t\t\t\t\t\t\t<span class=\"elementor-button-text\">Go to Home <\/span>\n\t\t\t\t\t<\/span>\n\t\t\t\t\t<\/a>\n\t\t\t\t<\/div>\n\t\t\t\t\t\t\t\t<\/div>\n\t\t\t\t<\/div>\n\t\t\t\t\t<\/div>\n\t\t<\/div>\n\t\t\t\t\t<\/div>\n\t\t<\/section>\n\t\t\t\t\t<\/div>\n\t\t<\/div>\n\t\t\t\t\t<\/div>\n\t\t<\/section>\n\t\t\t\t<\/div>","protected":false},"excerpt":{"rendered":"<p>Pol\u00edticas de Privacidad Soluciones y Servicios Integrados Nuestra Pol\u00edtica \u00daltima actualizaci\u00f3n 9 de setiembre, 2023. Nuestra Pol\u00edtica de privacidad no solo explica c\u00f3mo y por qu\u00e9 usamos la informaci\u00f3n personal que recopilamos, sino tambi\u00e9n c\u00f3mo puede acceder, actualizar o por lo dem\u00e1s asumir el control de su informaci\u00f3n personal. QU\u00c9 INFORMACI\u00d3N RECOPILAMOS Mucha de la [&hellip;]<\/p>","protected":false},"author":3,"featured_media":0,"parent":0,"menu_order":0,"comment_status":"closed","ping_status":"closed","template":"elementor_header_footer","meta":{"footnotes":""},"class_list":["post-214","page","type-page","status-publish","hentry"],"_links":{"self":[{"href":"https:\/\/ssri.cr\/en\/wp-json\/wp\/v2\/pages\/214","targetHints":{"allow":["GET"]}}],"collection":[{"href":"https:\/\/ssri.cr\/en\/wp-json\/wp\/v2\/pages"}],"about":[{"href":"https:\/\/ssri.cr\/en\/wp-json\/wp\/v2\/types\/page"}],"author":[{"embeddable":true,"href":"https:\/\/ssri.cr\/en\/wp-json\/wp\/v2\/users\/3"}],"replies":[{"embeddable":true,"href":"https:\/\/ssri.cr\/en\/wp-json\/wp\/v2\/comments?post=214"}],"version-history":[{"count":22,"href":"https:\/\/ssri.cr\/en\/wp-json\/wp\/v2\/pages\/214\/revisions"}],"predecessor-version":[{"id":555,"href":"https:\/\/ssri.cr\/en\/wp-json\/wp\/v2\/pages\/214\/revisions\/555"}],"wp:attachment":[{"href":"https:\/\/ssri.cr\/en\/wp-json\/wp\/v2\/media?parent=214"}],"curies":[{"name":"wp","href":"https:\/\/api.w.org\/{rel}","templated":true}]}}